{"id":22,"date":"2026-02-04T12:37:09","date_gmt":"2026-02-04T12:37:09","guid":{"rendered":"https:\/\/numeralis.fi\/?page_id=22"},"modified":"2026-03-02T07:58:23","modified_gmt":"2026-03-02T07:58:23","slug":"tietoa-yrityksesta","status":"publish","type":"page","link":"https:\/\/numeralis.fi\/index.php\/tietoa-yrityksesta\/","title":{"rendered":"Tietoa yrityksest\u00e4"},"content":{"rendered":"<h2 class=\"has-text-align-center wp-block-post-title\">Tietoa yrityksest\u00e4<\/h2>\n\n\n<div class=\"wp-block-group has-ast-global-color-5-background-color has-background has-global-padding is-content-justification-center is-layout-constrained wp-container-core-group-is-layout-d2932281 wp-block-group-is-layout-constrained\" style=\"padding-top:0;padding-right:var(--wp--preset--spacing--20);padding-bottom:0;padding-left:var(--wp--preset--spacing--20)\">\n<div class=\"wp-block-media-text is-stacked-on-mobile is-vertically-aligned-center\" style=\"margin-top:0;margin-right:0;margin-bottom:0;margin-left:0;padding-top:0;padding-right:0;padding-bottom:0;padding-left:0;grid-template-columns:33% auto\"><figure class=\"wp-block-media-text__media\"><img loading=\"lazy\" decoding=\"async\" width=\"751\" height=\"1024\" src=\"https:\/\/numeralis.fi\/wp-content\/uploads\/2026\/03\/SAM_7290_ed-751x1024.png\" alt=\"\" class=\"wp-image-547 size-full\" srcset=\"https:\/\/numeralis.fi\/wp-content\/uploads\/2026\/03\/SAM_7290_ed-751x1024.png 751w, https:\/\/numeralis.fi\/wp-content\/uploads\/2026\/03\/SAM_7290_ed-220x300.png 220w, https:\/\/numeralis.fi\/wp-content\/uploads\/2026\/03\/SAM_7290_ed-768x1048.png 768w, https:\/\/numeralis.fi\/wp-content\/uploads\/2026\/03\/SAM_7290_ed-1126x1536.png 1126w, https:\/\/numeralis.fi\/wp-content\/uploads\/2026\/03\/SAM_7290_ed-1501x2048.png 1501w, https:\/\/numeralis.fi\/wp-content\/uploads\/2026\/03\/SAM_7290_ed-scaled.png 1877w\" sizes=\"auto, (max-width: 751px) 100vw, 751px\" \/><\/figure><div class=\"wp-block-media-text__content\">\n<p><strong>Olemme ketter\u00e4 ja harteikas, yhden miehen vahvuinen tietopaja. Olemme kesittyneet talouden suunnitteluun ja tiedonhallintaan.<\/strong><\/p>\n\n\n\n<p class=\"is-style-default\">-Palvelemme <mark style=\"background-color:rgba(0, 0, 0, 0)\" class=\"has-inline-color has-accent-1-color\"><strong>pienyritysten liike-el\u00e4m\u00e4\u00e4<\/strong><\/mark> laskennan, talouden analysoinnin, strategisen suunnittelun sek\u00e4 muiden numeroiden k\u00e4sittelyyn liittyvien toimeksiantojen kautta.<\/p>\n\n\n\n<p class=\"is-style-default\">-Lis\u00e4ksi teemme asiasis\u00e4lt\u00f6\u00e4 ja artikkeleita my\u00f6s <strong><mark style=\"background-color:rgba(0, 0, 0, 0)\" class=\"has-inline-color has-accent-1-color\">kotitalouksien ja yritt\u00e4jien<\/mark><\/strong> omaa <mark style=\"background-color:rgba(0, 0, 0, 0)\" class=\"has-inline-color has-accent-1-color\"><strong>arjenhallintaa<\/strong> <\/mark>koskevista teemoista. <\/p>\n\n\n\n<p class=\"is-style-default\">Tavoitteena meill\u00e4 on saada asiakkaillemme ja lukijoillemme <strong><mark style=\"background-color:rgba(0, 0, 0, 0)\" class=\"has-inline-color has-accent-1-color\">enemm\u00e4n kivijalkaa ja  faktapohjaa p\u00e4\u00e4t\u00f6ksenteon tueksi<\/mark><\/strong>, mik\u00e4 toivottavasti my\u00f6s ohjaa tekem\u00e4\u00e4n perustellumpia ratkaisuja; niin liiketoiminnassa kuin arjessakin.<\/p>\n\n\n\n<div class=\"wp-block-buttons is-content-justification-center is-nowrap is-layout-flex wp-container-core-buttons-is-layout-12a27398 wp-block-buttons-is-layout-flex\">\n<div class=\"wp-block-button has-custom-width wp-block-button__width-50 is-style-fill\"><a class=\"wp-block-button__link has-medium-font-size has-custom-font-size wp-element-button\" href=\"https:\/\/numeralis.fi\/\" style=\"border-style:none;border-width:0px;border-top-left-radius:9px;border-top-right-radius:9px;border-bottom-left-radius:9px;border-bottom-right-radius:9px;padding-right:0;padding-left:0;font-style:normal;font-weight:700\">Palvelut pienyrityksille<\/a><\/div>\n<\/div>\n<\/div><\/div>\n<\/div>\n\n\n\n<div class=\"wp-block-buttons is-content-justification-center is-layout-flex wp-container-core-buttons-is-layout-a89b3969 wp-block-buttons-is-layout-flex\"><\/div>\n\n\n\n<h3 class=\"wp-block-heading\"><strong>Osaaminen ja kokemus<\/strong><\/h3>\n\n\n\n<ul class=\"wp-block-list\">\n<li>8 vuoden kokemus: taloussuunnitelmia eri yhti\u00f6muodoille, p\u00e4\u00e4asiassa maatilayrityksille. My\u00f6s hanke- ja tutkimusty\u00f6t\u00e4\n<ul class=\"wp-block-list\">\n<li>Budjetointi, verosuunnittelu, investoinnit, rahoitus ja omistajanvaihdokset. <\/li>\n\n\n\n<li>Luentoja ja webinaareja aiheista: verotus, budjetointi, omistajanvaihdokset ja hanke-esitykset<\/li>\n<\/ul>\n<\/li>\n\n\n\n<li>Yksityistalouden arjen hallinta, rahan- ja ajank\u00e4ytt\u00f6: Varallisuus, budjetointi ja yksil\u00f6kohtaiset tavoitteet arjessa \n<ul class=\"wp-block-list\">\n<li>Olen seurannut vuosia oman talouden budjettia ja kassavirtaa<\/li>\n<\/ul>\n<\/li>\n\n\n\n<li>MS Excel-pohjaisten ty\u00f6kalujen \/ ohjelmien rakentaminen<\/li>\n<\/ul>\n\n\n\n<p>Koulutus: Maatalouden liiketaloustieteen maisteri, MMM Agronomi<\/p>\n","protected":false},"excerpt":{"rendered":"<p>Olemme ketter\u00e4 ja harteikas, yhden miehen vahvuinen tietopaja. Olemme kesittyneet talouden suunnitteluun ja tiedonhallintaan. -Palvelemme pienyritysten liike-el\u00e4m\u00e4\u00e4 laskennan, talouden analysoinnin, strategisen suunnittelun sek\u00e4 muiden numeroiden k\u00e4sittelyyn liittyvien toimeksiantojen kautta. -Lis\u00e4ksi teemme asiasis\u00e4lt\u00f6\u00e4 ja artikkeleita my\u00f6s kotitalouksien ja yritt\u00e4jien omaa arjenhallintaa koskevista teemoista. Tavoitteena meill\u00e4 on saada asiakkaillemme ja lukijoillemme enemm\u00e4n kivijalkaa ja faktapohjaa p\u00e4\u00e4t\u00f6ksenteon tueksi, [&hellip;]<\/p>\n","protected":false},"author":1,"featured_media":0,"parent":0,"menu_order":0,"comment_status":"closed","ping_status":"closed","template":"","meta":{"footnotes":""},"class_list":["post-22","page","type-page","status-publish","hentry"],"_links":{"self":[{"href":"https:\/\/numeralis.fi\/index.php\/wp-json\/wp\/v2\/pages\/22","targetHints":{"allow":["GET"]}}],"collection":[{"href":"https:\/\/numeralis.fi\/index.php\/wp-json\/wp\/v2\/pages"}],"about":[{"href":"https:\/\/numeralis.fi\/index.php\/wp-json\/wp\/v2\/types\/page"}],"author":[{"embeddable":true,"href":"https:\/\/numeralis.fi\/index.php\/wp-json\/wp\/v2\/users\/1"}],"replies":[{"embeddable":true,"href":"https:\/\/numeralis.fi\/index.php\/wp-json\/wp\/v2\/comments?post=22"}],"version-history":[{"count":31,"href":"https:\/\/numeralis.fi\/index.php\/wp-json\/wp\/v2\/pages\/22\/revisions"}],"predecessor-version":[{"id":551,"href":"https:\/\/numeralis.fi\/index.php\/wp-json\/wp\/v2\/pages\/22\/revisions\/551"}],"wp:attachment":[{"href":"https:\/\/numeralis.fi\/index.php\/wp-json\/wp\/v2\/media?parent=22"}],"curies":[{"name":"wp","href":"https:\/\/api.w.org\/{rel}","templated":true}]}}