{"id":23,"date":"2026-02-04T12:37:57","date_gmt":"2026-02-04T12:37:57","guid":{"rendered":"https:\/\/numeralis.fi\/?page_id=23"},"modified":"2026-02-12T17:39:15","modified_gmt":"2026-02-12T17:39:15","slug":"ota-yhteytta","status":"publish","type":"page","link":"https:\/\/numeralis.fi\/index.php\/ota-yhteytta\/","title":{"rendered":"Yhteystiedot"},"content":{"rendered":"\n<div class=\"wp-block-columns has-ast-global-color-5-background-color has-background is-layout-flex wp-container-core-columns-is-layout-28f84493 wp-block-columns-is-layout-flex\">\n<div class=\"wp-block-column is-layout-flow wp-block-column-is-layout-flow\" style=\"flex-basis:50%\">\n<div class=\"wp-block-group has-ast-global-color-5-background-color has-background is-vertical is-content-justification-center is-layout-flex wp-container-core-group-is-layout-ce155fab wp-block-group-is-layout-flex\">\n<h2 class=\"wp-block-heading\">Yhteystiedot<\/h2>\n\n\n\n<div class=\"wp-block-group has-global-padding is-layout-constrained wp-block-group-is-layout-constrained\">\n<figure class=\"wp-block-image aligncenter size-thumbnail is-resized\"><img loading=\"lazy\" decoding=\"async\" width=\"150\" height=\"150\" src=\"https:\/\/numeralis.fi\/wp-content\/uploads\/2026\/02\/Nplus_logo-valk-150x150.png\" alt=\"\" class=\"wp-image-177\" style=\"width:177px;height:auto\"\/><\/figure>\n\n\n\n<div class=\"wp-block-group is-vertical is-layout-flex wp-container-core-group-is-layout-fe9cc265 wp-block-group-is-layout-flex\">\n<div class=\"wp-block-group has-global-padding is-layout-constrained wp-block-group-is-layout-constrained\">\n<div class=\"wp-block-group is-layout-flow wp-block-group-is-layout-flow\">\n<div class=\"wp-block-group alignfull has-global-padding is-content-justification-left is-layout-constrained wp-container-core-group-is-layout-a6555f2c wp-block-group-is-layout-constrained\" style=\"padding-top:0;padding-right:0;padding-bottom:0;padding-left:0\">\n<hr class=\"wp-block-separator has-text-color has-accent-3-color has-alpha-channel-opacity has-accent-3-background-color has-background is-style-wide is-style-wide--1\" style=\"margin-top:var(--wp--preset--spacing--40);margin-bottom:var(--wp--preset--spacing--40)\"\/>\n\n\n\n<p class=\"has-medium-font-size\"><strong>Numeralis \/ 3586585-6<\/strong><\/p>\n\n\n\n<p class=\"has-medium-font-size\"><strong>s\u00e4hk\u00f6posti: info@numeralis.fi<\/strong><\/p>\n\n\n\n<p class=\"has-medium-font-size\"><strong>puhelin: 0409524825 \/ Matti<\/strong><\/p>\n\n\n\n<p class=\"has-medium-font-size\"><strong>Vierem\u00e4<\/strong><\/p>\n<\/div>\n<\/div>\n<\/div>\n<\/div>\n<\/div>\n\n\n\n<div style=\"height:0px\" aria-hidden=\"true\" class=\"wp-block-spacer wp-container-content-6388d5dc\"><\/div>\n<\/div>\n<\/div>\n\n\n\n<div class=\"wp-block-column is-layout-flow wp-block-column-is-layout-flow\" style=\"flex-basis:50%\">\n<p>Olemme kiinnostuneita, mit\u00e4 on mieless\u00e4si! J\u00e4t\u00e4 meille yhteystietosi ja asiasi alla olevalla lomakkeella.<\/p>\n\n\n\n<h2 class=\"wp-block-heading has-medium-font-size\">Yhteydenottolomake<\/h2>\n\n\n\t\t\t<div class=\"srfm-form-container srfm-form-container-81 srfm-bg-color\">\n\t\t\t<style>\n\t\t\t\t\/* Need to check and remove the input variables related to the Style Tab. *\/\n\t\t\t\t.srfm-form-container-81 {\n\t\t\t\t\t\/* New test variables *\/\n\t\t\t\t\t--srfm-color-scheme-primary: #c34747;\n\t\t\t\t\t--srfm-color-scheme-text-on-primary: #f2f5fa;\n\t\t\t\t\t--srfm-color-scheme-text: #012147;\n\t\t\t\t\t--srfm-quill-editor-color: #c34747;\n\n\t\t\t\t\t--srfm-color-input-label: #012147;\n\t\t\t\t\t--srfm-color-input-description: hsl( from #012147 h s l \/ 0.65 );\n\t\t\t\t\t--srfm-color-input-placeholder: hsl( from #012147 h s l \/ 0.5 );\n\t\t\t\t\t--srfm-color-input-text: #012147;\n\t\t\t\t\t--srfm-color-input-prefix: hsl( from #012147 h s l \/ 0.65 );\n\t\t\t\t\t--srfm-color-input-background: hsl( from #012147 h s l \/ 0.02 );\n\t\t\t\t\t--srfm-color-input-background-hover: hsl( from #012147 h s l \/ 0.05 );\n\t\t\t\t\t--srfm-color-input-background-disabled: hsl( from #012147 h s l \/ 0.07 );\n\t\t\t\t\t--srfm-color-input-border: hsl( from #012147 h s l \/ 0.25 );\n\t\t\t\t\t--srfm-color-input-border-disabled: hsl( from #012147 h s l \/ 0.15 );\n\t\t\t\t\t--srfm-color-multi-choice-svg: hsl( from #012147 h s l \/ 0.7 );\n\t\t\t\t\t--srfm-color-input-border-hover: hsl( from #c34747 h s l \/ 0.65 );\n\t\t\t\t\t--srfm-color-input-border-focus-glow: hsl( from #c34747 h s l \/ 0.15 );\n\t\t\t\t\t--srfm-color-input-selected: hsl( from #c34747 h s l \/ 0.1 );\n\t\t\t\t\t--srfm-btn-color-hover: hsl( from #c34747 h s l \/ 0.9 );\n\t\t\t\t\t--srfm-btn-color-disabled: hsl( from #c34747 h s l \/ 0.25 );\n\n\t\t\t\t\t\/* Dropdown Variables *\/\n\t\t\t\t\t--srfm-dropdown-input-background-hover: hsl( from #012147 h s l \/ 0.05 );\n\t\t\t\t\t--srfm-dropdown-option-background-hover: hsl( from #012147 h s l \/ 0.10 );\n\t\t\t\t\t--srfm-dropdown-option-background-selected: hsl( from #012147 h s l \/ 0.05 );\n\t\t\t\t\t--srfm-dropdown-option-selected-icon: hsl( from #012147 h s l \/ 0.65 );\n\t\t\t\t\t--srfm-dropdown-option-text-color: hsl( from #012147 h s l \/ 0.80 );\n\t\t\t\t\t--srfm-dropdown-option-selected-text: #012147;\n\t\t\t\t\t--srfm-dropdown-badge-background: hsl( from #012147 h s l \/ 0.05 );\n\t\t\t\t\t--srfm-dropdown-badge-background-hover: hsl( from #012147 h s l \/ 0.10 );\n\t\t\t\t\t--srfm-dropdown-menu-border-color: hsl( from #012147 h s l \/ 0.10 );\n\t\t\t\t\t--srfm-dropdown-placeholder-color: hsl( from #012147 h s l \/ 0.50 );\n\t\t\t\t\t--srfm-dropdown-icon-color: hsl( from #012147 h s l \/ 0.65 );\n\t\t\t\t\t--srfm-dropdown-icon-disabled: hsl( from #012147 h s l \/ 0.25 );\n\n\t\t\t\t\t\/* Background Control Variables *\/\n\t\t\t\t\t--srfm-instant-form-padding-top: 32px;--srfm-instant-form-padding-right: 32px;--srfm-instant-form-padding-bottom: 32px;--srfm-instant-form-padding-left: 32px;--srfm-instant-form-border-radius-top: 12px;--srfm-instant-form-border-radius-right: 12px;--srfm-instant-form-border-radius-bottom: 12px;--srfm-instant-form-border-radius-left: 12px;--srfm-form-padding-top: 10px;--srfm-form-padding-right: 10px;--srfm-form-padding-bottom: 10px;--srfm-form-padding-left: 10px;--srfm-form-border-radius-top: 10px;--srfm-form-border-radius-right: 10px;--srfm-form-border-radius-bottom: 10px;--srfm-form-border-radius-left: 10px;--srfm-bg-color: #f2f5fa;--srfm-bg-overlay-opacity: 1;\t\t\t\t\t--srfm-row-gap-between-blocks: 16px;--srfm-address-label-font-size: 14px;--srfm-address-label-line-height: 20px;--srfm-address-description-font-size: 12px;--srfm-address-description-line-height: 16px;--srfm-col-gap-between-fields: 12px;--srfm-row-gap-between-fields: 12px;--srfm-gap-below-address-label: 12px;--srfm-dropdown-font-size: 14px;--srfm-dropdown-gap-between-input-menu: 4px;--srfm-dropdown-badge-padding: 2px 6px;--srfm-dropdown-multiselect-font-size: 12px;--srfm-dropdown-multiselect-line-height: 16px;--srfm-dropdown-padding-right: 12px;--srfm-dropdown-padding-right-icon: calc( var( --srfm-dropdown-padding-right ) + 20px );--srfm-dropdown-multiselect-padding: 8px var( --srfm-dropdown-padding-right-icon ) 8px 8px;--srfm-input-height: 40px;--srfm-input-field-padding: 10px 12px;--srfm-input-field-font-size: 14px;--srfm-input-field-line-height: 20px;--srfm-input-field-margin-top: 4px;--srfm-input-field-margin-bottom: 4px;--srfm-checkbox-label-font-size: 14px;--srfm-checkbox-label-line-height: 20px;--srfm-checkbox-description-font-size: 12px;--srfm-checkbox-description-line-height: 16px;--srfm-check-ctn-width: 16px;--srfm-check-ctn-height: 16px;--srfm-check-svg-size: 10px;--srfm-checkbox-margin-top-frontend: 2px;--srfm-checkbox-margin-top-editor: 3px;--srfm-check-gap: 8px;--srfm-checkbox-description-margin-left: 24px;--srfm-flag-section-padding: 10px 0 10px 12px;--srfm-gap-between-icon-text: 8px;--srfm-label-font-size: 14px;--srfm-label-line-height: 20px;--srfm-description-font-size: 12px;--srfm-description-line-height: 16px;--srfm-btn-padding: 8px 14px;--srfm-btn-font-size: 14px;--srfm-btn-line-height: 20px;--srfm-multi-choice-horizontal-padding: 16px;--srfm-multi-choice-vertical-padding: 16px;--srfm-multi-choice-internal-option-gap: 8px;--srfm-multi-choice-vertical-svg-size: 32px;--srfm-multi-choice-horizontal-image-size: 20px;--srfm-multi-choice-vertical-image-size: 100px;--srfm-multi-choice-outer-padding: 0;\t\t\t\t}\n\t\t\t<\/style>\n\t\t\t\t\t\t\t<form method=\"post\" enctype=\"multipart\/form-data\" id=\"srfm-form-81\" class=\"srfm-form \"\n\t\t\t\tform-id=\"81\" after-submission=\"hide form\" message-type=\"same page\" success-url=\"\" ajaxurl=\"https:\/\/numeralis.fi\/wp-admin\/admin-ajax.php\" data-submit-token=\"b6ac18b64d4aa7750314dae07b3ed257ffac9144cc9f1ab491a72820166e9dfc\"\n\t\t\t\t>\n\t\t\t\t\n\t\t\t\t<input type=\"hidden\" value=\"81\" name=\"form-id\">\n\t\t\t\t<input type=\"hidden\" value=\"\" name=\"srfm-sender-email-field\" id=\"srfm-sender-email\">\n\t\t\t\t<input type=\"hidden\" value=\"\" id=\"srfm-page-break\">\n\t\t\t\t\t\t<p id=\"srfm-error-message\" class=\"srfm-common-error-message srfm-error-message srfm-head-error\" hidden>\t\t<span class=\"srfm-icon\" aria-hidden=\"true\">\n\t\t\t<svg xmlns='http:\/\/www.w3.org\/2000\/svg' width='20' height='20' fill='none'><path d='M9.99935 18.3327C14.6017 18.3327 18.3327 14.6017 18.3327 9.99935C18.3327 5.39698 14.6017 1.66602 9.99935 1.66602C5.39698 1.66602 1.66602 5.39698 1.66602 9.99935C1.66602 14.6017 5.39698 18.3327 9.99935 18.3327Z' stroke='currentColor' stroke-width='1.5' stroke-linecap='round' stroke-linejoin='round' \/><path d='M10 6.66602V9.99935' stroke='currentColor' stroke-width='1.5' stroke-linecap='round' stroke-linejoin='round' \/><path d='M10 13.334H10.0083' stroke='currentColor' stroke-width='1.5' stroke-linecap='round' stroke-linejoin='round' \/><\/svg>\t\t<\/span>\n\t\t<span class=\"srfm-error-content\">There was an error trying to submit your form. Please try again.<\/span><\/p>\n\t\t\t\t\t<div data-block-id=\"50f13125\" class=\"srfm-block-single srfm-block srfm-input-block srf-input-50f13125-block  srfm-block-width-100 srfm-slug-text-field 81\" >\n\t\t\t\t\t\t\t\t<label id=\"srfm-label-50f13125-lbl-TmltaQ\" for=\"srfm-input-50f13125-lbl-TmltaQ\" class=\"srfm-block-label\">\n\t\t\t\t\t\tNimi\t\t\t\t\t\t\t\t\t\t\t\t\t<span class=\"srfm-required\" aria-hidden=\"true\"> *<\/span>\n\t\t\t\t\t\t\t\t\t\t\t<\/label>\n\t\t\t\t\t\t\t\t\t\t\t\t<div class=\"srfm-block-wrap\">\n\t\t\t\t<input class=\"srfm-input-common srfm-input-input\" type=\"text\" name=\"srfm-input-50f13125-lbl-TmltaQ-text-field\" id=\"srfm-input-50f13125-lbl-TmltaQ\"\n\t\t\t\t\taria-describedby='srfm-error-50f13125'\t\t\t\t\tdata-required=\"true\" aria-required=\"true\" data-unique=\"false\" maxlength=\"100\" value=\"\"  data-srfm-mask=\"none\"   \/>\n\t\t\t\t<\/div>\n\t\t\t\t<div class=\"srfm-error-wrap\">\n\t\t\t\t\t\t\t\t\t\t<div class=\"srfm-error-message\" data-srfm-id=\"srfm-error-50f13125\" data-error-msg=\"T\u00e4m\u00e4 tieto vaaditaan\" data-unique-msg=\"Value needs to be unique.\">\n\t\t\t\t\t\tT\u00e4m\u00e4 tieto vaaditaan\t\t\t\t\t<\/div>\n\t\t\t\t\t\t\t\t\t<\/div>\n\t\t\t<\/div>\n\t\t\n\n\t\t\t<div data-block-id=\"8a7d0d29\" class=\"srfm-block-single srfm-block srfm-email-block srf-email-8a7d0d29-block  srfm-block-width-100 srfm-slug-email 81 srfm-email-block-wrap\">\n\t\t\t\t<div class=\"srfm-email-block srf-email-8a7d0d29-block\">\n\t\t\t\t\t\t\t\t\t\t<label id=\"srfm-label-8a7d0d29-lbl-U8OkaGvDtnBvc3Rp\" for=\"srfm-email-8a7d0d29-lbl-U8OkaGvDtnBvc3Rp\" class=\"srfm-block-label\">\n\t\t\t\t\t\tS\u00e4hk\u00f6posti\t\t\t\t\t\t\t\t\t\t\t\t\t<span class=\"srfm-required\" aria-hidden=\"true\"> *<\/span>\n\t\t\t\t\t\t\t\t\t\t\t<\/label>\n\t\t\t\t\t\t\t\t\t\t\t\t\t\t\t<div class=\"srfm-block-wrap\">\n\t\t\t\t\t\t<input class=\"srfm-input-common srfm-input-email\" type=\"email\" name=\"srfm-email-8a7d0d29-lbl-U8OkaGvDtnBvc3Rp-email\" id=\"srfm-email-8a7d0d29-lbl-U8OkaGvDtnBvc3Rp\"\n\t\t\t\t\t\taria-describedby='srfm-error-8a7d0d29'\t\t\t\t\t\tdata-required=\"true\" aria-required=\"true\" data-unique=\"false\" value=\"\"   \/>\n\t\t\t\t\t<\/div>\n\t\t\t\t\t<div class=\"srfm-error-wrap\">\n\t\t\t\t\t\t\t\t\t\t\t<div class=\"srfm-error-message\" data-srfm-id=\"srfm-error-8a7d0d29\" data-error-msg=\"T\u00e4m\u00e4 tieto vaaditaan\" data-unique-msg=\"Value needs to be unique.\">\n\t\t\t\t\t\tT\u00e4m\u00e4 tieto vaaditaan\t\t\t\t\t<\/div>\n\t\t\t\t\t\t\t\t\t\t<\/div>\n\t\t\t\t<\/div>\n\t\t\t\t\t\t\t<\/div>\n\t\t\n\n\t\t\t<div data-block-id=\"bf7035ab\" class=\"srfm-block-single srfm-block srfm-input-block srf-input-bf7035ab-block  srfm-block-width-100 srfm-slug-nimi 81\" >\n\t\t\t\t\t\t\t\t<label id=\"srfm-label-bf7035ab-lbl-UHVoZWxpbm51bWVybw\" for=\"srfm-input-bf7035ab-lbl-UHVoZWxpbm51bWVybw\" class=\"srfm-block-label\">\n\t\t\t\t\t\tPuhelinnumero\t\t\t\t\t\t\t\t\t\t\t\t\t<span class=\"srfm-required\" aria-hidden=\"true\"> *<\/span>\n\t\t\t\t\t\t\t\t\t\t\t<\/label>\n\t\t\t\t\t\t\t\t\t\t\t\t<div class=\"srfm-block-wrap\">\n\t\t\t\t<input class=\"srfm-input-common srfm-input-input\" type=\"text\" name=\"srfm-input-bf7035ab-lbl-UHVoZWxpbm51bWVybw-nimi\" id=\"srfm-input-bf7035ab-lbl-UHVoZWxpbm51bWVybw\"\n\t\t\t\t\taria-describedby='srfm-error-bf7035ab'\t\t\t\t\tdata-required=\"true\" aria-required=\"true\" data-unique=\"false\" maxlength=\"100\" value=\"\"  data-srfm-mask=\"none\"   \/>\n\t\t\t\t<\/div>\n\t\t\t\t<div class=\"srfm-error-wrap\">\n\t\t\t\t\t\t\t\t\t\t<div class=\"srfm-error-message\" data-srfm-id=\"srfm-error-bf7035ab\" data-error-msg=\"T\u00e4m\u00e4 tieto vaaditaan\" data-unique-msg=\"Value needs to be unique.\">\n\t\t\t\t\t\tT\u00e4m\u00e4 tieto vaaditaan\t\t\t\t\t<\/div>\n\t\t\t\t\t\t\t\t\t<\/div>\n\t\t\t<\/div>\n\t\t\n\n\t\t\t<div data-block-id=\"3a4783d2\" class=\"srfm-block-single srfm-block srfm-input-block srf-input-3a4783d2-block  srfm-block-width-100 srfm-slug-yritys 81\" >\n\t\t\t\t\t\t\t\t<label id=\"srfm-label-3a4783d2-lbl-WXJpdHlz\" for=\"srfm-input-3a4783d2-lbl-WXJpdHlz\" class=\"srfm-block-label\">\n\t\t\t\t\t\tYritys\t\t\t\t\t\t\t\t\t\t\t<\/label>\n\t\t\t\t\t\t\t\t\t\t\t\t<div class=\"srfm-block-wrap\">\n\t\t\t\t<input class=\"srfm-input-common srfm-input-input\" type=\"text\" name=\"srfm-input-3a4783d2-lbl-WXJpdHlz-yritys\" id=\"srfm-input-3a4783d2-lbl-WXJpdHlz\"\n\t\t\t\t\taria-describedby='srfm-error-3a4783d2'\t\t\t\t\tdata-required=\"false\" aria-required=\"false\" data-unique=\"false\" maxlength=\"100\" value=\"\"  data-srfm-mask=\"none\"   \/>\n\t\t\t\t<\/div>\n\t\t\t\t<div class=\"srfm-error-wrap\">\n\t\t\t\t\t\t\t\t\t\t<div class=\"srfm-error-message\" data-srfm-id=\"srfm-error-3a4783d2\" data-error-msg=\"T\u00e4m\u00e4 tieto vaaditaan\" data-unique-msg=\"Value needs to be unique.\">\n\t\t\t\t\t\tT\u00e4m\u00e4 tieto vaaditaan\t\t\t\t\t<\/div>\n\t\t\t\t\t\t\t\t\t<\/div>\n\t\t\t<\/div>\n\t\t\n\n\t\t\t<div data-block-id=\"a9e9e09e\" class=\"srfm-block-single srfm-block srfm-input-block srf-input-a9e9e09e-block  srfm-block-width-100 srfm-slug-paikkakunta 81\" >\n\t\t\t\t\t\t\t\t<label id=\"srfm-label-a9e9e09e-lbl-UGFpa2tha3VudGE\" for=\"srfm-input-a9e9e09e-lbl-UGFpa2tha3VudGE\" class=\"srfm-block-label\">\n\t\t\t\t\t\tPaikkakunta\t\t\t\t\t\t\t\t\t\t\t\t\t<span class=\"srfm-required\" aria-hidden=\"true\"> *<\/span>\n\t\t\t\t\t\t\t\t\t\t\t<\/label>\n\t\t\t\t\t\t\t\t\t\t\t\t<div class=\"srfm-block-wrap\">\n\t\t\t\t<input class=\"srfm-input-common srfm-input-input\" type=\"text\" name=\"srfm-input-a9e9e09e-lbl-UGFpa2tha3VudGE-paikkakunta\" id=\"srfm-input-a9e9e09e-lbl-UGFpa2tha3VudGE\"\n\t\t\t\t\taria-describedby='srfm-error-a9e9e09e'\t\t\t\t\tdata-required=\"true\" aria-required=\"true\" data-unique=\"false\" maxlength=\"100\" value=\"\"  data-srfm-mask=\"none\"   \/>\n\t\t\t\t<\/div>\n\t\t\t\t<div class=\"srfm-error-wrap\">\n\t\t\t\t\t\t\t\t\t\t<div class=\"srfm-error-message\" data-srfm-id=\"srfm-error-a9e9e09e\" data-error-msg=\"T\u00e4m\u00e4 tieto vaaditaan\" data-unique-msg=\"Value needs to be unique.\">\n\t\t\t\t\t\tT\u00e4m\u00e4 tieto vaaditaan\t\t\t\t\t<\/div>\n\t\t\t\t\t\t\t\t\t<\/div>\n\t\t\t<\/div>\n\t\t\n\n\t\t<div data-block-id=\"707b25f3\" class=\"srfm-block-single srfm-block srfm-textarea-block srf-textarea-707b25f3-block  srfm-block-width-100 81\">\n\t\t\t\t\t\t\t\t<label id=\"srfm-label-707b25f3-lbl-Vmllc3Rpc2k-4923\" for=\"srfm-textarea-707b25f3-lbl-Vmllc3Rpc2k-4923\" class=\"srfm-block-label\">\n\t\t\t\t\t\tViestisi\t\t\t\t\t\t\t\t\t\t\t\t\t<span class=\"srfm-required\" aria-hidden=\"true\"> *<\/span>\n\t\t\t\t\t\t\t\t\t\t\t<\/label>\n\t\t\t\t\t\t\t\t\t\t\t<div class=\"srfm-block-wrap\">\n\t\t\t\t<textarea\n\t\t\t\t\tclass=\"srfm-input-common srfm-input-textarea\"\n\t\t\t\t\tname=\"srfm-textarea-707b25f3-lbl-Vmllc3Rpc2k-textarea\"\n\t\t\t\t\tid=\"srfm-textarea-707b25f3-lbl-Vmllc3Rpc2k-4923\"\n\t\t\t\t\taria-describedby='srfm-error-707b25f3'\t\t\t\t\tdata-required=\"true\" aria-required=\"true\"  maxLength=\"500\"  rows=\"4\"  \t\t\t\t\t\t\t\t\t\t\t\t\t\t\t><\/textarea>\n\t\t\t\t\t\t\t<\/div>\n\t\t\t<div class=\"srfm-error-wrap\">\n\t\t\t\t\t\t\t\t\t<div class=\"srfm-error-message\" data-srfm-id=\"srfm-error-707b25f3\" data-error-msg=\"T\u00e4m\u00e4 tieto vaaditaan\">\n\t\t\t\t\t\tT\u00e4m\u00e4 tieto vaaditaan\t\t\t\t\t<\/div>\n\t\t\t\t\t\t\t\t<\/div>\n\t\t<\/div>\n\n\t\t\t\t\t\t\t\t\t\t\t\t\t<div class=\"srfm-captcha-container \">\n\n\t\t\t\t\t\t\t\t\t\t\t<div class='g-recaptcha' data-callback=\"onSuccess\" data-error-callback=\"onGCaptchaV2CheckBoxError\" recaptcha-type=\"v2-checkbox\" data-sitekey=\"6LfdEV8sAAAAAMcsOMerq2AZkDyjfp7ypYT1JQUK\" ><\/div>\n\t\t\n\t\t\n\t\t\t\t\t\t\t\t<div class=\"srfm-validation-error\" id=\"captcha-error\" style=\"display: none;\">Please verify that you are not a robot.<\/div>\n\t\t\t\t\t<\/div>\n\t\t\t\t\t\n\t\t\t\t\t\n\t\t\t\t\t<div class=\"srfm-submit-container \" style=\"\">\n\t\t\t\t\t\t<div style=\"width: ; text-align: left\" class=\"wp-block-button\">\n\t\t\t\t\t\t\t\t\t\t\t\t\t\t\t\t\t\t\t<button style=\"\" id=\"srfm-submit-btn\" class=\"srfm-btn-frontend srfm-button srfm-submit-button\"\n\t\t\t\t\t\t\t\t\t\t\t\t\t\t>\n\t\t\t\t\t\t\t\t<div class=\"srfm-submit-wrap\">\n\t\t\t\t\t\t\t\t\tL\u00e4het\u00e4 lomake\t\t\t\t\t\t\t\t<div class=\"srfm-loader\"><\/div>\n\t\t\t\t\t\t\t\t<\/div>\n\t\t\t\t\t\t\t<\/button>\n\t\t\t\t\t\t\t\t\t\t\t\t\t\t\t\t\t\t<\/div>\n\t\t\t\t\t<\/div>\n\t\t\t\t\t\t\t<p id=\"srfm-error-message\" class=\"srfm-common-error-message srfm-error-message srfm-footer-error\" hidden>\t\t<span class=\"srfm-icon\" aria-hidden=\"true\">\n\t\t\t<svg xmlns='http:\/\/www.w3.org\/2000\/svg' width='20' height='20' fill='none'><path d='M9.99935 18.3327C14.6017 18.3327 18.3327 14.6017 18.3327 9.99935C18.3327 5.39698 14.6017 1.66602 9.99935 1.66602C5.39698 1.66602 1.66602 5.39698 1.66602 9.99935C1.66602 14.6017 5.39698 18.3327 9.99935 18.3327Z' stroke='currentColor' stroke-width='1.5' stroke-linecap='round' stroke-linejoin='round' \/><path d='M10 6.66602V9.99935' stroke='currentColor' stroke-width='1.5' stroke-linecap='round' stroke-linejoin='round' \/><path d='M10 13.334H10.0083' stroke='currentColor' stroke-width='1.5' stroke-linecap='round' stroke-linejoin='round' \/><\/svg>\t\t<\/span>\n\t\t<span class=\"srfm-error-content\">There was an error trying to submit your form. Please try again.<\/span><\/p>\n\t\t\t\t\t<\/form>\n\t\t\t<div class=\"srfm-single-form srfm-success-box in-page\">\n\t\t\t\t<div aria-live=\"polite\" aria-atomic=\"true\" role=\"alert\" id=\"srfm-success-message-page-81\" class=\"srfm-success-box-description\"><\/div>\n\t\t\t<\/div>\n\t\t\t<\/div>\n\t\t<\/div>\n<\/div>\n\n\n\n<p><\/p>\n","protected":false},"excerpt":{"rendered":"<p>Yhteystiedot Numeralis \/ 3586585-6 s\u00e4hk\u00f6posti: info@numeralis.fi puhelin: 0409524825 \/ Matti Vierem\u00e4 Olemme kiinnostuneita, mit\u00e4 on mieless\u00e4si! J\u00e4t\u00e4 meille yhteystietosi ja asiasi alla olevalla lomakkeella. Yhteydenottolomake<\/p>\n","protected":false},"author":1,"featured_media":0,"parent":0,"menu_order":0,"comment_status":"closed","ping_status":"closed","template":"","meta":{"footnotes":""},"class_list":["post-23","page","type-page","status-publish","hentry"],"_links":{"self":[{"href":"https:\/\/numeralis.fi\/index.php\/wp-json\/wp\/v2\/pages\/23","targetHints":{"allow":["GET"]}}],"collection":[{"href":"https:\/\/numeralis.fi\/index.php\/wp-json\/wp\/v2\/pages"}],"about":[{"href":"https:\/\/numeralis.fi\/index.php\/wp-json\/wp\/v2\/types\/page"}],"author":[{"embeddable":true,"href":"https:\/\/numeralis.fi\/index.php\/wp-json\/wp\/v2\/users\/1"}],"replies":[{"embeddable":true,"href":"https:\/\/numeralis.fi\/index.php\/wp-json\/wp\/v2\/comments?post=23"}],"version-history":[{"count":29,"href":"https:\/\/numeralis.fi\/index.php\/wp-json\/wp\/v2\/pages\/23\/revisions"}],"predecessor-version":[{"id":548,"href":"https:\/\/numeralis.fi\/index.php\/wp-json\/wp\/v2\/pages\/23\/revisions\/548"}],"wp:attachment":[{"href":"https:\/\/numeralis.fi\/index.php\/wp-json\/wp\/v2\/media?parent=23"}],"curies":[{"name":"wp","href":"https:\/\/api.w.org\/{rel}","templated":true}]}}