{"id":500,"date":"2026-02-12T11:14:51","date_gmt":"2026-02-12T11:14:51","guid":{"rendered":"https:\/\/numeralis.fi\/?page_id=500"},"modified":"2026-02-13T09:28:15","modified_gmt":"2026-02-13T09:28:15","slug":"tiedonhallinta-ja-tyokalut","status":"publish","type":"page","link":"https:\/\/numeralis.fi\/index.php\/tietoa-yrityksesta\/tiedonhallinta-ja-tyokalut\/","title":{"rendered":"Tiedonhallinta ja ty\u00f6kalut"},"content":{"rendered":"<h2 class=\"has-text-align-center wp-block-post-title\">Tiedonhallinta ja ty\u00f6kalut<\/h2>\n\n\n<div class=\"wp-block-group is-vertical is-content-justification-center is-layout-flex wp-container-core-group-is-layout-ce155fab wp-block-group-is-layout-flex\">\n<p class=\"has-text-align-center\">Onko sinulla aineistoa mink\u00e4 k\u00e4sittely on ty\u00f6l\u00e4st\u00e4?<\/p>\n\n\n\n<p class=\"has-text-align-center\">Tai onko k\u00e4yt\u00f6ss\u00e4si paljon tietoa, mutta et saa sit\u00e4 sopivaan muotoon hy\u00f6dynnett\u00e4v\u00e4ksi?<\/p>\n\n\n\n<p><strong>Teemme ja muokkaamme my\u00f6s asiakkaiden liiketoiminnassa k\u00e4ytett\u00e4vi\u00e4 digity\u00f6kaluja<\/strong><\/p>\n\n\n\n<figure class=\"wp-block-image size-large has-custom-border\" style=\"margin-top:0;margin-right:0;margin-bottom:0;margin-left:0\"><img loading=\"lazy\" decoding=\"async\" width=\"1024\" height=\"683\" src=\"https:\/\/numeralis.fi\/wp-content\/uploads\/2026\/02\/SAM_7268-1024x683.jpg\" alt=\"\" class=\"wp-image-300\" style=\"border-style:none;border-width:0px;border-top-left-radius:0px;border-top-right-radius:0px;border-bottom-left-radius:0px;border-bottom-right-radius:0px\" srcset=\"https:\/\/numeralis.fi\/wp-content\/uploads\/2026\/02\/SAM_7268-1024x683.jpg 1024w, https:\/\/numeralis.fi\/wp-content\/uploads\/2026\/02\/SAM_7268-300x200.jpg 300w, https:\/\/numeralis.fi\/wp-content\/uploads\/2026\/02\/SAM_7268-768x512.jpg 768w, https:\/\/numeralis.fi\/wp-content\/uploads\/2026\/02\/SAM_7268-1536x1024.jpg 1536w, https:\/\/numeralis.fi\/wp-content\/uploads\/2026\/02\/SAM_7268-2048x1365.jpg 2048w\" sizes=\"auto, (max-width: 1024px) 100vw, 1024px\" \/><\/figure>\n\n\n\n<div class=\"wp-block-group has-global-padding is-layout-constrained wp-block-group-is-layout-constrained\">\n<h4 class=\"wp-block-heading\"><strong>Tiedonhallinta ja ty\u00f6kalut liiketoiminnan suunnitteluun<\/strong><\/h4>\n\n\n\n<ul class=\"wp-block-list\">\n<li class=\"has-medium-font-size\">Data-aineistojen k\u00e4sittely ja muokkaus<\/li>\n\n\n\n<li class=\"has-medium-font-size\">Yrityksen sis\u00e4iset johtamisen ty\u00f6kalut (Windows ja excel-pohjalle)<\/li>\n\n\n\n<li class=\"has-medium-font-size\">Erikseen sovittavat toimeksiannot. Tuntihinta 45 \u20ac\/tunti alv 0.<\/li>\n<\/ul>\n<\/div>\n<\/div>\n","protected":false},"excerpt":{"rendered":"<p>Onko sinulla aineistoa mink\u00e4 k\u00e4sittely on ty\u00f6l\u00e4st\u00e4? Tai onko k\u00e4yt\u00f6ss\u00e4si paljon tietoa, mutta et saa sit\u00e4 sopivaan muotoon hy\u00f6dynnett\u00e4v\u00e4ksi? Teemme ja muokkaamme my\u00f6s asiakkaiden liiketoiminnassa k\u00e4ytett\u00e4vi\u00e4 digity\u00f6kaluja Tiedonhallinta ja ty\u00f6kalut liiketoiminnan suunnitteluun<\/p>\n","protected":false},"author":1,"featured_media":0,"parent":22,"menu_order":0,"comment_status":"closed","ping_status":"closed","template":"","meta":{"footnotes":""},"class_list":["post-500","page","type-page","status-publish","hentry"],"_links":{"self":[{"href":"https:\/\/numeralis.fi\/index.php\/wp-json\/wp\/v2\/pages\/500","targetHints":{"allow":["GET"]}}],"collection":[{"href":"https:\/\/numeralis.fi\/index.php\/wp-json\/wp\/v2\/pages"}],"about":[{"href":"https:\/\/numeralis.fi\/index.php\/wp-json\/wp\/v2\/types\/page"}],"author":[{"embeddable":true,"href":"https:\/\/numeralis.fi\/index.php\/wp-json\/wp\/v2\/users\/1"}],"replies":[{"embeddable":true,"href":"https:\/\/numeralis.fi\/index.php\/wp-json\/wp\/v2\/comments?post=500"}],"version-history":[{"count":4,"href":"https:\/\/numeralis.fi\/index.php\/wp-json\/wp\/v2\/pages\/500\/revisions"}],"predecessor-version":[{"id":532,"href":"https:\/\/numeralis.fi\/index.php\/wp-json\/wp\/v2\/pages\/500\/revisions\/532"}],"up":[{"embeddable":true,"href":"https:\/\/numeralis.fi\/index.php\/wp-json\/wp\/v2\/pages\/22"}],"wp:attachment":[{"href":"https:\/\/numeralis.fi\/index.php\/wp-json\/wp\/v2\/media?parent=500"}],"curies":[{"name":"wp","href":"https:\/\/api.w.org\/{rel}","templated":true}]}}