{"id":61,"date":"2026-02-04T12:37:26","date_gmt":"2026-02-04T12:37:26","guid":{"rendered":"https:\/\/numeralis.fi\/?page_id=61"},"modified":"2026-03-23T14:21:39","modified_gmt":"2026-03-23T14:21:39","slug":"yritysten_talous","status":"publish","type":"page","link":"https:\/\/numeralis.fi\/index.php\/yritysten_talous\/","title":{"rendered":"Yritysten talous"},"content":{"rendered":"<h2 style=\"padding-right:0;padding-left:0;\" class=\"has-text-align-center wp-block-post-title\">Yritysten talous<\/h2>\n\n\n<div class=\"wp-block-group has-global-padding is-layout-constrained wp-container-core-group-is-layout-7db9d80f wp-block-group-is-layout-constrained\" style=\"padding-right:0;padding-left:0\">\n<h6 class=\"wp-block-heading has-text-align-center\">(Tmi \/ Oy \/ Maatilat)<\/h6>\n\n\n\n<p style=\"margin-right:0;margin-left:0\">Teemme kirjanpitoaineistosi avulla talouden kannattavuuslaskelmat, analyysit, pitk\u00e4n ja lyhyen aikav\u00e4lin suunnitelmat. T\u00e4m\u00e4 voi olla hy\u00f6dyllist\u00e4 esimerkiksi tilanteissa, miss\u00e4 asiakkaan varsinaisella tilitoimistolla ei ole resursseja tehd\u00e4 kirjanpidon ohella isompia talousuunnitelmia.<\/p>\n<\/div>\n\n\n\n<ul class=\"wp-block-list\"><\/ul>\n\n\n\n<div class=\"wp-block-group has-global-padding is-layout-constrained wp-block-group-is-layout-constrained\">\n<div class=\"wp-block-group is-vertical is-content-justification-center is-layout-flex wp-container-core-group-is-layout-ce155fab wp-block-group-is-layout-flex\">\n<div class=\"wp-block-group has-global-padding is-layout-constrained wp-block-group-is-layout-constrained\">\n<div class=\"wp-block-group has-global-padding is-layout-constrained wp-block-group-is-layout-constrained\">\n<figure class=\"wp-block-gallery has-nested-images columns-default is-cropped wp-block-gallery-1 is-layout-flex wp-block-gallery-is-layout-flex\">\n<figure class=\"wp-block-image size-large wp-container-content-d0f1e62e\" style=\"margin-top:0;margin-right:0;margin-bottom:0;margin-left:0\"><img loading=\"lazy\" decoding=\"async\" width=\"1024\" height=\"683\" data-id=\"305\" src=\"https:\/\/numeralis.fi\/wp-content\/uploads\/2026\/02\/SAM_7274-1024x683.jpg\" alt=\"\" class=\"wp-image-305\" srcset=\"https:\/\/numeralis.fi\/wp-content\/uploads\/2026\/02\/SAM_7274-1024x683.jpg 1024w, https:\/\/numeralis.fi\/wp-content\/uploads\/2026\/02\/SAM_7274-300x200.jpg 300w, https:\/\/numeralis.fi\/wp-content\/uploads\/2026\/02\/SAM_7274-768x512.jpg 768w, https:\/\/numeralis.fi\/wp-content\/uploads\/2026\/02\/SAM_7274-1536x1024.jpg 1536w, https:\/\/numeralis.fi\/wp-content\/uploads\/2026\/02\/SAM_7274-2048x1365.jpg 2048w\" sizes=\"auto, (max-width: 1024px) 100vw, 1024px\" \/><\/figure>\n<\/figure>\n\n\n\n<div class=\"wp-block-group has-global-padding is-content-justification-center is-layout-constrained wp-block-group-is-layout-constrained\">\n<div class=\"wp-block-group has-global-padding is-layout-constrained wp-block-group-is-layout-constrained\">\n<h4 class=\"wp-block-heading has-text-align-center\"><strong>Talouden suunnittelu ja johtaminen<\/strong><\/h4>\n<\/div>\n\n\n\n<ul class=\"wp-block-list\">\n<li class=\"has-medium-font-size\">Talousanalyysit: kannattavuuden \/ vakavaraisuuden arviointi<\/li>\n\n\n\n<li class=\"has-medium-font-size\">Kassabudjetointi: maksuvalmiuden seuranta ja yll\u00e4pito<\/li>\n\n\n\n<li class=\"has-medium-font-size\">Pitk\u00e4n aikav\u00e4lin talousuunnitelmat ja verotus<\/li>\n\n\n\n<li class=\"has-medium-font-size\">Strateginen suunnittelu: esim. investoinnit ja tuotannon muutostilanteet<\/li>\n\n\n\n<li class=\"has-medium-font-size\">Muu talouden asiantuntijaty\u00f6. Tuntihinta 75 \u20ac\/tunti alv 0.<\/li>\n<\/ul>\n\n\n<\/div>\n<\/div>\n<\/div>\n<\/div>\n<\/div>\n\n\n\n<div class=\"wp-block-group has-global-padding is-layout-constrained wp-block-group-is-layout-constrained\">\n<div class=\"wp-block-group has-contrast-color has-text-color has-link-color wp-elements-2e732e8d14b8b1e48d951030355781f4 is-vertical is-content-justification-center is-layout-flex wp-container-core-group-is-layout-e5a0d9be wp-block-group-is-layout-flex\" style=\"border-style:none;border-width:0px;margin-top:0;margin-bottom:0;padding-top:0;padding-right:0;padding-bottom:0;padding-left:0\">\n<p class=\"has-text-align-center\"><strong>Voit kysy\u00e4 my\u00f6s luennoinnista tai koulutuksista!<\/strong><\/p>\n\n\n\n<div class=\"wp-block-buttons is-nowrap is-layout-flex wp-container-core-buttons-is-layout-6c531013 wp-block-buttons-is-layout-flex\">\n<div class=\"wp-block-button\"><a class=\"wp-block-button__link wp-element-button\" href=\"https:\/\/numeralis.fi\/index.php\/ota-yhteytta\/\">Ota yhteytt\u00e4<\/a><\/div>\n<\/div>\n<\/div>\n<\/div>\n\n\n\n<div class=\"wp-block-group has-global-padding is-layout-constrained wp-container-core-group-is-layout-7db9d80f wp-block-group-is-layout-constrained\" style=\"padding-right:0;padding-left:0\">\n<h4 class=\"wp-block-heading has-text-align-left\"><strong>Esimerkki taloussuunnitelmasta:<\/strong><\/h4>\n\n\n\n<ol class=\"wp-block-list\">\n<li class=\"has-medium-font-size\">Ensisijainen tarve: Budjetti -&gt; Tiet\u00e4\u00e4 kassan riitt\u00e4vyys l\u00e4hitulevaisuudessa. Samalla saadaan tieto saman aikajakson tulosennusteesta (verotuksesta) ja kannattavuuden luvuista. T\u00e4t\u00e4 voidaan verrata toteumavuosiin.<\/li>\n\n\n\n<li class=\"has-medium-font-size\">Toissijainen tarve (voi ilmet\u00e4 my\u00f6hemminkin): Mahdollisuus tehd\u00e4 pitk\u00e4n aikav\u00e4lin taloussuunnitelma samaan laskelmapohjaan. Hy\u00f6dynnett\u00e4viss\u00e4 esimerkiksi rahoitusneuvotteluissa, liiketoimintasuunnitelmassa tai yrityksen sis\u00e4isess\u00e4 p\u00e4\u00e4t\u00f6ksenteossa<\/li>\n<\/ol>\n\n\n\n<p class=\"has-medium-font-size\">Kassabudjettia voidaan p\u00e4ivitt\u00e4\u00e4 kirjanpidon valmistuessa esim. 2-12 kertaa vuodessa. Pitk\u00e4n aikav\u00e4lin ennusteen p\u00e4ivitys tarpeen mukaan, yleens\u00e4 v\u00e4hint\u00e4\u00e4n kerran vuodessa.<\/p>\n\n\n\n<p class=\"has-medium-font-size\"><strong>Sis\u00e4lt\u00f6:<\/strong><\/p>\n\n\n\n<ul class=\"wp-block-list\">\n<li class=\"has-medium-font-size\">Pohjatiedoksi 1-2 toteumavuotta kirjanpidon perusteella.<\/li>\n\n\n\n<li class=\"has-medium-font-size\">Ennustejakso 8 vuotta; Kahdelle ensimm\u00e4iselle vuodelle tarkka kassan kehitys ja tulosennuste. Loput kuusi vuotta karkea vuositason ennuste.<\/li>\n\n\n\n<li class=\"has-medium-font-size\">Suunnitellulle aikajaksolle teht\u00e4viss\u00e4 v\u00e4lit\u00f6n analyysi kannattavuuden, vakavaraisuuden ja maksuvalmiuden osalta.<\/li>\n<\/ul>\n<\/div>\n","protected":false},"excerpt":{"rendered":"<p>(Tmi \/ Oy \/ Maatilat) Teemme kirjanpitoaineistosi avulla talouden kannattavuuslaskelmat, analyysit, pitk\u00e4n ja lyhyen aikav\u00e4lin suunnitelmat. T\u00e4m\u00e4 voi olla hy\u00f6dyllist\u00e4 esimerkiksi tilanteissa, miss\u00e4 asiakkaan varsinaisella tilitoimistolla ei ole resursseja tehd\u00e4 kirjanpidon ohella isompia talousuunnitelmia. Talouden suunnittelu ja johtaminen Voit kysy\u00e4 my\u00f6s luennoinnista tai koulutuksista! Esimerkki taloussuunnitelmasta: Kassabudjettia voidaan p\u00e4ivitt\u00e4\u00e4 kirjanpidon valmistuessa esim. 2-12 kertaa vuodessa. [&hellip;]<\/p>\n","protected":false},"author":1,"featured_media":0,"parent":0,"menu_order":0,"comment_status":"closed","ping_status":"closed","template":"","meta":{"footnotes":""},"class_list":["post-61","page","type-page","status-publish","hentry"],"_links":{"self":[{"href":"https:\/\/numeralis.fi\/index.php\/wp-json\/wp\/v2\/pages\/61","targetHints":{"allow":["GET"]}}],"collection":[{"href":"https:\/\/numeralis.fi\/index.php\/wp-json\/wp\/v2\/pages"}],"about":[{"href":"https:\/\/numeralis.fi\/index.php\/wp-json\/wp\/v2\/types\/page"}],"author":[{"embeddable":true,"href":"https:\/\/numeralis.fi\/index.php\/wp-json\/wp\/v2\/users\/1"}],"replies":[{"embeddable":true,"href":"https:\/\/numeralis.fi\/index.php\/wp-json\/wp\/v2\/comments?post=61"}],"version-history":[{"count":37,"href":"https:\/\/numeralis.fi\/index.php\/wp-json\/wp\/v2\/pages\/61\/revisions"}],"predecessor-version":[{"id":588,"href":"https:\/\/numeralis.fi\/index.php\/wp-json\/wp\/v2\/pages\/61\/revisions\/588"}],"wp:attachment":[{"href":"https:\/\/numeralis.fi\/index.php\/wp-json\/wp\/v2\/media?parent=61"}],"curies":[{"name":"wp","href":"https:\/\/api.w.org\/{rel}","templated":true}]}}